{"id":7915,"date":"2023-05-22T06:49:26","date_gmt":"2023-05-22T06:49:26","guid":{"rendered":"https:\/\/www.angelaligner.com\/ics\/"},"modified":"2026-03-25T10:43:45","modified_gmt":"2026-03-25T10:43:45","slug":"ics","status":"publish","type":"page","link":"https:\/\/www.angelaligner.com\/pt-pt\/ics\/","title":{"rendered":"ICS"},"content":{"rendered":"<div class=\"wpb-content-wrapper\"><p>[vc_section css=&#8221;.vc_custom_1773301919928{margin-top: 0px !important;padding-top: 50px !important;padding-bottom: 30px !important;}&#8221;][vc_row gap=&#8221;30&#8243; content_placement=&#8221;middle&#8221;][vc_column][vc_column_text css=&#8221;&#8221;]<\/p>\n<h1 class=\"h2\" style=\"text-align: center;\">Cefalometria de \u00daltima Gera\u00e7\u00e3o<\/h1>\n<p>[\/vc_column_text][vc_row_inner][vc_column_inner][vc_column_text css=&#8221;&#8221;]<\/p>\n<h5 class=\"p2\" style=\"text-align: center;\"><strong><span style=\"color: #0094dc;\">Automatize a an\u00e1lise cefalom\u00e9trica com visualiza\u00e7\u00f5es diagn\u00f3sticas individualizadas e fluxos de trabalho padronizados, para melhorar a tomada de decis\u00e3o, otimizar o diagn\u00f3stico e reduzir o trabalho manual.<\/span><\/strong><\/h5>\n<p>[\/vc_column_text][\/vc_column_inner][\/vc_row_inner][vc_row_inner][vc_column_inner][vc_column_text css=&#8221;&#8221;]<\/p>\n<p style=\"text-align: center;\"><strong>\u2192 Crie e implemente m\u00e9todos personalizados de an\u00e1lise cefalom\u00e9trica, adaptados \u00e0s suas necessidades cl\u00ednicas.<\/strong><\/p>\n<p style=\"text-align: center;\"><strong>\u2192 Partilhe facilmente os seus modelos personalizados com colegas para utiliza\u00e7\u00e3o imediata ou importe o modelo partilhado do seu colega.<\/strong><\/p>\n<p>[\/vc_column_text][\/vc_column_inner][\/vc_row_inner][\/vc_column][\/vc_row][vc_row full_width=&#8221;stretch_row&#8221; gap=&#8221;30&#8243; content_placement=&#8221;middle&#8221; css=&#8221;.vc_custom_1773221179647{background-color: #F5F5F5 !important;}&#8221;][vc_column][vc_row_inner][vc_column_inner width=&#8221;1\/3&#8243;][vc_column_text css=&#8221;&#8221;]<\/p>\n<h5 style=\"text-align: center;\"><strong><span style=\"color: #0094dc;\">Criar e Implementar<\/span><\/strong><\/h5>\n<p>[\/vc_column_text][\/vc_column_inner][vc_column_inner width=&#8221;1\/3&#8243;][\/vc_column_inner][vc_column_inner width=&#8221;1\/3&#8243;][\/vc_column_inner][\/vc_row_inner][vc_row_inner][vc_column_inner width=&#8221;1\/3&#8243;][vc_single_image image=&#8221;25691&#8243; img_size=&#8221;medium&#8221; alignment=&#8221;center&#8221; css=&#8221;&#8221;][vc_column_text css=&#8221;&#8221;]<\/p>\n<p style=\"text-align: center;\"><strong><span style=\"color: #0094dc;\">1.<\/span> <\/strong>Clique em \u201cAdicionar m\u00e9todo de an\u00e1lise\u201d, selecione \u201cCriar an\u00e1lise personalizada\u201d e introduza um nome.<\/p>\n<p>[\/vc_column_text][\/vc_column_inner][vc_column_inner width=&#8221;1\/3&#8243;][vc_single_image image=&#8221;25692&#8243; img_size=&#8221;medium&#8221; alignment=&#8221;center&#8221; css=&#8221;&#8221;][vc_column_text css=&#8221;&#8221;]<\/p>\n<p style=\"text-align: center;\"><strong><span style=\"color: #0094dc;\">2.<\/span><\/strong> Configure os par\u00e2metros de medi\u00e7\u00e3o de acordo com as suas necessidades cl\u00ednicas e guarde.<\/p>\n<p>[\/vc_column_text][\/vc_column_inner][vc_column_inner width=&#8221;1\/3&#8243;][vc_single_image image=&#8221;25693&#8243; img_size=&#8221;medium&#8221; alignment=&#8221;center&#8221; css=&#8221;&#8221;][vc_column_text css=&#8221;&#8221;]<\/p>\n<p style=\"text-align: center;\"><strong><span style=\"color: #0094dc;\">3.<\/span><\/strong> O seu m\u00e9todo de an\u00e1lise personalizado aparecer\u00e1 em \u201cPersonalizado\u201d no menu suspenso.<\/p>\n<p>[\/vc_column_text][\/vc_column_inner][\/vc_row_inner][vc_row_inner][vc_column_inner][vc_separator][\/vc_column_inner][vc_column_inner width=&#8221;1\/3&#8243;][vc_column_text css=&#8221;&#8221;]<\/p>\n<h5 style=\"text-align: center;\"><strong><span style=\"color: #0094dc;\">Partilhar e Importar<\/span><\/strong><\/h5>\n<p>[\/vc_column_text][\/vc_column_inner][vc_column_inner width=&#8221;1\/3&#8243;][\/vc_column_inner][vc_column_inner width=&#8221;1\/3&#8243;][\/vc_column_inner][\/vc_row_inner][vc_row_inner][vc_column_inner width=&#8221;1\/3&#8243;][vc_single_image image=&#8221;25694&#8243; img_size=&#8221;medium&#8221; alignment=&#8221;center&#8221; css=&#8221;&#8221;][vc_column_text css=&#8221;&#8221;]<\/p>\n<p style=\"text-align: center;\">Para partilhar o seu m\u00e9todo de an\u00e1lise, clique em \u201cPartilhar\u201d para gerar um c\u00f3digo.<\/p>\n<p>[\/vc_column_text][\/vc_column_inner][vc_column_inner width=&#8221;1\/3&#8243;][vc_single_image image=&#8221;25695&#8243; img_size=&#8221;medium&#8221; alignment=&#8221;center&#8221; css=&#8221;&#8221;][vc_column_text css=&#8221;&#8221;]<\/p>\n<p style=\"text-align: center;\">Para importar, selecione \u201cImportar m\u00e9todo de an\u00e1lise\u201d, cole o c\u00f3digo e clique em \u201cImportar\u201d.<\/p>\n<p>[\/vc_column_text][\/vc_column_inner][vc_column_inner width=&#8221;1\/3&#8243;][\/vc_column_inner][\/vc_row_inner][vc_btn title=&#8221;Contacte-nos&#8221; style=&#8221;classic&#8221; shape=&#8221;square&#8221; color=&#8221;primary&#8221; align=&#8221;center&#8221; css=&#8221;&#8221; link=&#8221;url:https%3A%2F%2Fwww.angelaligner.com%2Fcontact-us%2F%23contact|title:Contact%20Us&#8221;][\/vc_column][\/vc_row][\/vc_section][vc_section css=&#8221;.vc_custom_1687770187832{margin-top: 0px !important;padding-top: 50px !important;padding-bottom: 30px !important;}&#8221;][vc_row gap=&#8221;30&#8243; content_placement=&#8221;middle&#8221;][vc_column][vc_column_text css=&#8221;&#8221;]<\/p>\n<h1 style=\"text-align: center;\">O que \u00e9 o Sistema Ceph Inteligente?<\/h1>\n<p>[\/vc_column_text][\/vc_column][vc_column width=&#8221;1\/2&#8243;][vc_single_image image=&#8221;7218&#8243; img_size=&#8221;full&#8221;][\/vc_column][vc_column width=&#8221;1\/2&#8243;][vc_column_text css=&#8221;&#8221;]<\/p>\n<h3>Tra\u00e7ado<\/h3>\n<p>Gra\u00e7as aos m\u00e9todos de tra\u00e7ado, garantimos que todos os pontos de refer\u00eancia dent\u00e1rios s\u00e3o tra\u00e7ados de forma exata e precisa nos modelos digitais. Esta funcionalidade permite uma maior exatid\u00e3o e efici\u00eancia do planeamento do tratamento e diagn\u00f3stico, levando a melhores resultados para os pacientes.[\/vc_column_text][\/vc_column][\/vc_row][\/vc_section][vc_section full_width=&#8221;stretch_row&#8221; css=&#8221;.vc_custom_1687770324446{padding-top: 60px !important;padding-bottom: 30px !important;background-color: #f5f5f5 !important;}&#8221;][vc_row gap=&#8221;30&#8243; content_placement=&#8221;middle&#8221;][vc_column width=&#8221;1\/2&#8243;][vc_column_text css=&#8221;&#8221;]<\/p>\n<h3>Sobreposi\u00e7\u00e3o<\/h3>\n<p>O nosso Sistema de cefalometria inteligente utiliza m\u00e9todos avan\u00e7ados e aprendizagem autom\u00e1tica para assegurar que o processo de sobreposi\u00e7\u00e3o \u00e9 exato e preciso. Esta funcionalidade ajuda os ortodontistas a avaliar o progresso do tratamento e a fazer os ajustes necess\u00e1rios ao plano de tratamento.[\/vc_column_text][\/vc_column][vc_column width=&#8221;1\/2&#8243;][vc_single_image image=&#8221;7290&#8243; img_size=&#8221;full&#8221;][\/vc_column][\/vc_row][\/vc_section][vc_section css=&#8221;.vc_custom_1687770182723{padding-top: 70px !important;padding-bottom: 30px !important;}&#8221;][vc_row gap=&#8221;30&#8243; content_placement=&#8221;middle&#8221;][vc_column width=&#8221;1\/2&#8243;][vc_single_image image=&#8221;7229&#8243; img_size=&#8221;full&#8221;][\/vc_column][vc_column width=&#8221;1\/2&#8243;][vc_column_text css=&#8221;&#8221;]<\/p>\n<h3>An\u00e1lise da idade esquel\u00e9tica<\/h3>\n<p>Atrav\u00e9s da an\u00e1lise dos modelos digitais, o nosso sistema determina de forma exata a etapa de desenvolvimento das estruturas dent\u00e1rias. Esta funcionalidade permite aos ortodontistas criar planos de tratamento personalizados que t\u00eam em conta as necessidades de desenvolvimento \u00fanicas de cada paciente.[\/vc_column_text][\/vc_column][\/vc_row][\/vc_section][vc_section css=&#8221;.vc_custom_1687267257907{padding-top: 50px !important;padding-bottom: 30px !important;}&#8221;][vc_row][vc_column width=&#8221;1\/6&#8243;][\/vc_column][vc_column width=&#8221;2\/3&#8243;][vc_column_text]<\/p>\n<h3 style=\"text-align: center;\">Entre em contacto connosco<\/h3>\n<p style=\"text-align: center;\">Tem d\u00favidas sobre as nossas solu\u00e7\u00f5es ortod\u00f4nticas? Estamos aqui para ajudar! A nossa equipa de especialistas est\u00e1 dispon\u00edvel para prestar apoio personalizado tanto para pacientes novos como para os existentes. Contacte-nos j\u00e1 hoje para obter mais informa\u00e7\u00f5es.<\/p>\n<p>[\/vc_column_text][vc_btn title=&#8221;Contacte-nos&#8221; style=&#8221;classic&#8221; shape=&#8221;square&#8221; color=&#8221;primary&#8221; align=&#8221;center&#8221; link=&#8221;url:https%3A%2F%2Fwww.angelaligner.com%2Fpt-pt%2Fcontacte-nos%2F%23contact|title:Contacte-nos|&#8221;][\/vc_column][vc_column width=&#8221;1\/6&#8243;][\/vc_column][\/vc_row][\/vc_section]<\/p>\n<\/div>","protected":false},"excerpt":{"rendered":"<p>[vc_section css=&#8221;.vc_custom_1773301919928{margin-top: 0px !important;padding-top: 50px !important;padding-bottom: 30px !important;}&#8221;][vc_row gap=&#8221;30&#8243; content_placement=&#8221;middle&#8221;][vc_column][vc_column_text css=&#8221;&#8221;] Cefalometria de \u00daltima Gera\u00e7\u00e3o [\/vc_column_text][vc_row_inner][vc_column_inner][vc_column_text css=&#8221;&#8221;] Automatize a an\u00e1lise cefalom\u00e9trica com visualiza\u00e7\u00f5es diagn\u00f3sticas individualizadas e fluxos de trabalho padronizados, para melhorar a tomada de decis\u00e3o, otimizar o diagn\u00f3stico e reduzir o trabalho manual. [\/vc_column_text][\/vc_column_inner][\/vc_row_inner][vc_row_inner][vc_column_inner][vc_column_text css=&#8221;&#8221;] \u2192 Crie e implemente m\u00e9todos personalizados de an\u00e1lise cefalom\u00e9trica,<\/p>\n","protected":false},"author":1,"featured_media":0,"parent":0,"menu_order":0,"comment_status":"closed","ping_status":"closed","template":"","meta":{"_acf_changed":false,"content-type":"","inline_featured_image":false,"footnotes":""},"class_list":["post-7915","page","type-page","status-publish","hentry"],"acf":[],"yoast_head":"<!-- This site is optimized with the Yoast SEO plugin v26.0 - https:\/\/yoast.com\/wordpress\/plugins\/seo\/ -->\n<title>ICS | Angel Aligner<\/title>\n<meta name=\"robots\" content=\"index, follow, max-snippet:-1, max-image-preview:large, max-video-preview:-1\" \/>\n<link rel=\"canonical\" href=\"https:\/\/www.angelaligner.com\/pt-pt\/ics\/\" \/>\n<meta property=\"og:locale\" content=\"pt_PT\" \/>\n<meta property=\"og:type\" content=\"article\" \/>\n<meta property=\"og:title\" content=\"ICS | Angel Aligner\" \/>\n<meta property=\"og:description\" content=\"[vc_section css=&#8221;.vc_custom_1773301919928{margin-top: 0px !important;padding-top: 50px !important;padding-bottom: 30px !important;}&#8221;][vc_row gap=&#8221;30&#8243; content_placement=&#8221;middle&#8221;][vc_column][vc_column_text css=&#8221;&#8221;] Cefalometria de \u00daltima Gera\u00e7\u00e3o [\/vc_column_text][vc_row_inner][vc_column_inner][vc_column_text css=&#8221;&#8221;] Automatize a an\u00e1lise cefalom\u00e9trica com visualiza\u00e7\u00f5es diagn\u00f3sticas individualizadas e fluxos de trabalho padronizados, para melhorar a tomada de decis\u00e3o, otimizar o diagn\u00f3stico e reduzir o trabalho manual. [\/vc_column_text][\/vc_column_inner][\/vc_row_inner][vc_row_inner][vc_column_inner][vc_column_text css=&#8221;&#8221;] \u2192 Crie e implemente m\u00e9todos personalizados de an\u00e1lise cefalom\u00e9trica,\" \/>\n<meta property=\"og:url\" content=\"https:\/\/www.angelaligner.com\/pt-pt\/ics\/\" \/>\n<meta property=\"og:site_name\" content=\"Angel Aligner\" \/>\n<meta property=\"article:publisher\" content=\"https:\/\/www.facebook.com\/angelaligner.emea\" \/>\n<meta property=\"article:modified_time\" content=\"2026-03-25T10:43:45+00:00\" \/>\n<meta name=\"twitter:card\" content=\"summary_large_image\" \/>\n<meta name=\"twitter:label1\" content=\"Tempo estimado de leitura\" \/>\n\t<meta name=\"twitter:data1\" content=\"4 minutos\" \/>\n<script type=\"application\/ld+json\" class=\"yoast-schema-graph\">{\"@context\":\"https:\/\/schema.org\",\"@graph\":[{\"@type\":\"WebPage\",\"@id\":\"https:\/\/www.angelaligner.com\/pt-pt\/ics\/\",\"url\":\"https:\/\/www.angelaligner.com\/pt-pt\/ics\/\",\"name\":\"ICS | Angel Aligner\",\"isPartOf\":{\"@id\":\"https:\/\/www.angelaligner.com\/pt-pt\/#website\"},\"datePublished\":\"2023-05-22T06:49:26+00:00\",\"dateModified\":\"2026-03-25T10:43:45+00:00\",\"breadcrumb\":{\"@id\":\"https:\/\/www.angelaligner.com\/pt-pt\/ics\/#breadcrumb\"},\"inLanguage\":\"pt-PT\",\"potentialAction\":[{\"@type\":\"ReadAction\",\"target\":[\"https:\/\/www.angelaligner.com\/pt-pt\/ics\/\"]}]},{\"@type\":\"BreadcrumbList\",\"@id\":\"https:\/\/www.angelaligner.com\/pt-pt\/ics\/#breadcrumb\",\"itemListElement\":[{\"@type\":\"ListItem\",\"position\":1,\"name\":\"Home\",\"item\":\"https:\/\/www.angelaligner.com\/pt-pt\/\"},{\"@type\":\"ListItem\",\"position\":2,\"name\":\"ICS\"}]},{\"@type\":\"WebSite\",\"@id\":\"https:\/\/www.angelaligner.com\/pt-pt\/#website\",\"url\":\"https:\/\/www.angelaligner.com\/pt-pt\/\",\"name\":\"Angel Aligner\",\"description\":\"Smile to Change\",\"potentialAction\":[{\"@type\":\"SearchAction\",\"target\":{\"@type\":\"EntryPoint\",\"urlTemplate\":\"https:\/\/www.angelaligner.com\/pt-pt\/?s={search_term_string}\"},\"query-input\":{\"@type\":\"PropertyValueSpecification\",\"valueRequired\":true,\"valueName\":\"search_term_string\"}}],\"inLanguage\":\"pt-PT\"}]}<\/script>\n<!-- \/ Yoast SEO plugin. -->","yoast_head_json":{"title":"ICS | Angel Aligner","robots":{"index":"index","follow":"follow","max-snippet":"max-snippet:-1","max-image-preview":"max-image-preview:large","max-video-preview":"max-video-preview:-1"},"canonical":"https:\/\/www.angelaligner.com\/pt-pt\/ics\/","og_locale":"pt_PT","og_type":"article","og_title":"ICS | Angel Aligner","og_description":"[vc_section css=&#8221;.vc_custom_1773301919928{margin-top: 0px !important;padding-top: 50px !important;padding-bottom: 30px !important;}&#8221;][vc_row gap=&#8221;30&#8243; content_placement=&#8221;middle&#8221;][vc_column][vc_column_text css=&#8221;&#8221;] Cefalometria de \u00daltima Gera\u00e7\u00e3o [\/vc_column_text][vc_row_inner][vc_column_inner][vc_column_text css=&#8221;&#8221;] Automatize a an\u00e1lise cefalom\u00e9trica com visualiza\u00e7\u00f5es diagn\u00f3sticas individualizadas e fluxos de trabalho padronizados, para melhorar a tomada de decis\u00e3o, otimizar o diagn\u00f3stico e reduzir o trabalho manual. [\/vc_column_text][\/vc_column_inner][\/vc_row_inner][vc_row_inner][vc_column_inner][vc_column_text css=&#8221;&#8221;] \u2192 Crie e implemente m\u00e9todos personalizados de an\u00e1lise cefalom\u00e9trica,","og_url":"https:\/\/www.angelaligner.com\/pt-pt\/ics\/","og_site_name":"Angel Aligner","article_publisher":"https:\/\/www.facebook.com\/angelaligner.emea","article_modified_time":"2026-03-25T10:43:45+00:00","twitter_card":"summary_large_image","twitter_misc":{"Tempo estimado de leitura":"4 minutos"},"schema":{"@context":"https:\/\/schema.org","@graph":[{"@type":"WebPage","@id":"https:\/\/www.angelaligner.com\/pt-pt\/ics\/","url":"https:\/\/www.angelaligner.com\/pt-pt\/ics\/","name":"ICS | Angel Aligner","isPartOf":{"@id":"https:\/\/www.angelaligner.com\/pt-pt\/#website"},"datePublished":"2023-05-22T06:49:26+00:00","dateModified":"2026-03-25T10:43:45+00:00","breadcrumb":{"@id":"https:\/\/www.angelaligner.com\/pt-pt\/ics\/#breadcrumb"},"inLanguage":"pt-PT","potentialAction":[{"@type":"ReadAction","target":["https:\/\/www.angelaligner.com\/pt-pt\/ics\/"]}]},{"@type":"BreadcrumbList","@id":"https:\/\/www.angelaligner.com\/pt-pt\/ics\/#breadcrumb","itemListElement":[{"@type":"ListItem","position":1,"name":"Home","item":"https:\/\/www.angelaligner.com\/pt-pt\/"},{"@type":"ListItem","position":2,"name":"ICS"}]},{"@type":"WebSite","@id":"https:\/\/www.angelaligner.com\/pt-pt\/#website","url":"https:\/\/www.angelaligner.com\/pt-pt\/","name":"Angel Aligner","description":"Smile to Change","potentialAction":[{"@type":"SearchAction","target":{"@type":"EntryPoint","urlTemplate":"https:\/\/www.angelaligner.com\/pt-pt\/?s={search_term_string}"},"query-input":{"@type":"PropertyValueSpecification","valueRequired":true,"valueName":"search_term_string"}}],"inLanguage":"pt-PT"}]}},"_links":{"self":[{"href":"https:\/\/www.angelaligner.com\/pt-pt\/wp-json\/wp\/v2\/pages\/7915","targetHints":{"allow":["GET"]}}],"collection":[{"href":"https:\/\/www.angelaligner.com\/pt-pt\/wp-json\/wp\/v2\/pages"}],"about":[{"href":"https:\/\/www.angelaligner.com\/pt-pt\/wp-json\/wp\/v2\/types\/page"}],"author":[{"embeddable":true,"href":"https:\/\/www.angelaligner.com\/pt-pt\/wp-json\/wp\/v2\/users\/1"}],"replies":[{"embeddable":true,"href":"https:\/\/www.angelaligner.com\/pt-pt\/wp-json\/wp\/v2\/comments?post=7915"}],"version-history":[{"count":22,"href":"https:\/\/www.angelaligner.com\/pt-pt\/wp-json\/wp\/v2\/pages\/7915\/revisions"}],"predecessor-version":[{"id":26527,"href":"https:\/\/www.angelaligner.com\/pt-pt\/wp-json\/wp\/v2\/pages\/7915\/revisions\/26527"}],"wp:attachment":[{"href":"https:\/\/www.angelaligner.com\/pt-pt\/wp-json\/wp\/v2\/media?parent=7915"}],"curies":[{"name":"wp","href":"https:\/\/api.w.org\/{rel}","templated":true}]}}