{"id":8133,"date":"2023-05-22T06:49:26","date_gmt":"2023-05-22T06:49:26","guid":{"rendered":"https:\/\/www.angelaligner.com\/ics\/"},"modified":"2026-03-25T10:40:53","modified_gmt":"2026-03-25T10:40:53","slug":"ics","status":"publish","type":"page","link":"https:\/\/www.angelaligner.com\/fr\/ics\/","title":{"rendered":"ICS"},"content":{"rendered":"<div class=\"wpb-content-wrapper\"><p>[vc_section css=\u00a0\u00bb.vc_custom_1773301575570{margin-top: 0px !important;padding-top: 50px !important;padding-bottom: 30px !important;}\u00a0\u00bb][vc_row gap=\u00a0\u00bb30&Prime; content_placement=\u00a0\u00bbmiddle\u00a0\u00bb][vc_column][vc_column_text css=\u00a0\u00bb\u00a0\u00bb]<\/p>\n<h1 class=\"h2\" style=\"text-align: center;\">C\u00e9phalom\u00e9trie de nouvelle g\u00e9n\u00e9ration<\/h1>\n<p>[\/vc_column_text][vc_row_inner][vc_column_inner][vc_column_text css=\u00a0\u00bb\u00a0\u00bb]<\/p>\n<h5 class=\"p2\" style=\"text-align: center;\"><strong><span style=\"color: #0094dc;\">Automatisez l\u2019analyse c\u00e9phalom\u00e9trique gr\u00e2ce \u00e0 des vues diagnostiques individualis\u00e9es et des flux de travail standardis\u00e9s pour am\u00e9liorer la prise de d\u00e9cision, rationaliser le diagnostic et r\u00e9duire le travail manuel.<\/span><\/strong><\/h5>\n<p>[\/vc_column_text][\/vc_column_inner][\/vc_row_inner][vc_row_inner][vc_column_inner][vc_column_text css=\u00a0\u00bb\u00a0\u00bb]<\/p>\n<p style=\"text-align: center;\"><strong>\u2192 Cr\u00e9ez et mettez en oeuvre vos m\u00e9thodes d\u2019analyse c\u00e9phalom\u00e9trique personnalis\u00e9es, adapt\u00e9es \u00e0 vos besoins cliniques.<\/strong><\/p>\n<p style=\"text-align: center;\"><strong>\u2192 Partagez facilement vos mod\u00e8les personnalis\u00e9s avec vos coll\u00e8gues pour une utilisation imm\u00e9diate ou importez les mod\u00e8les partag\u00e9s par vos pairs.<\/strong><\/p>\n<p>[\/vc_column_text][\/vc_column_inner][\/vc_row_inner][\/vc_column][\/vc_row][vc_row full_width=\u00a0\u00bbstretch_row\u00a0\u00bb gap=\u00a0\u00bb30&Prime; content_placement=\u00a0\u00bbmiddle\u00a0\u00bb css=\u00a0\u00bb.vc_custom_1773221179647{background-color: #F5F5F5 !important;}\u00a0\u00bb][vc_column][vc_row_inner][vc_column_inner width=\u00a0\u00bb1\/3&Prime;][vc_column_text css=\u00a0\u00bb\u00a0\u00bb]<\/p>\n<h5 style=\"text-align: center;\"><strong><span style=\"color: #0094dc;\">Cr\u00e9er et mettre en oeuvre<\/span><\/strong><\/h5>\n<p>[\/vc_column_text][\/vc_column_inner][vc_column_inner width=\u00a0\u00bb1\/3&Prime;][\/vc_column_inner][vc_column_inner width=\u00a0\u00bb1\/3&Prime;][\/vc_column_inner][\/vc_row_inner][vc_row_inner][vc_column_inner width=\u00a0\u00bb1\/3&Prime;][vc_single_image image=\u00a0\u00bb25658&Prime; img_size=\u00a0\u00bbmedium\u00a0\u00bb alignment=\u00a0\u00bbcenter\u00a0\u00bb css=\u00a0\u00bb\u00a0\u00bb][vc_column_text css=\u00a0\u00bb\u00a0\u00bb]<\/p>\n<p style=\"text-align: center;\"><strong><span style=\"color: #0094dc;\">1. <\/span><\/strong>Cliquez sur \u201cAjouter une m\u00e9thode d\u2019analyse\u201d, puis s\u00e9lectionnez \u201cCr\u00e9er une analyse personnalis\u00e9e\u201d et saisissez un nom.<\/p>\n<p>[\/vc_column_text][\/vc_column_inner][vc_column_inner width=\u00a0\u00bb1\/3&Prime;][vc_single_image image=\u00a0\u00bb25659&Prime; img_size=\u00a0\u00bbmedium\u00a0\u00bb alignment=\u00a0\u00bbcenter\u00a0\u00bb css=\u00a0\u00bb\u00a0\u00bb][vc_column_text css=\u00a0\u00bb\u00a0\u00bb]<\/p>\n<p style=\"text-align: center;\"><strong><span style=\"color: #0094dc;\">2.<\/span><\/strong> Configurez les \u00e9l\u00e9ments de mesure adapt\u00e9s \u00e0 vos besoins cliniques, puis enregistrez.<\/p>\n<p>[\/vc_column_text][\/vc_column_inner][vc_column_inner width=\u00a0\u00bb1\/3&Prime;][vc_single_image image=\u00a0\u00bb25660&Prime; img_size=\u00a0\u00bbmedium\u00a0\u00bb alignment=\u00a0\u00bbcenter\u00a0\u00bb css=\u00a0\u00bb\u00a0\u00bb][vc_column_text css=\u00a0\u00bb\u00a0\u00bb]<\/p>\n<p style=\"text-align: center;\"><strong><span style=\"color: #0094dc;\">3.<\/span><\/strong> Votre m\u00e9thode d\u2019analyse personnalis\u00e9e appara\u00eetra sous \u201cPersonnalis\u00e9\u201d dans le menu d\u00e9roulant.<\/p>\n<p>[\/vc_column_text][\/vc_column_inner][\/vc_row_inner][vc_row_inner][vc_column_inner][vc_separator][\/vc_column_inner][vc_column_inner width=\u00a0\u00bb1\/3&Prime;][vc_column_text css=\u00a0\u00bb\u00a0\u00bb]<\/p>\n<h5 style=\"text-align: center;\"><strong><span style=\"color: #0094dc;\">Partager et importer<\/span><\/strong><\/h5>\n<p>[\/vc_column_text][\/vc_column_inner][vc_column_inner width=\u00a0\u00bb1\/3&Prime;][\/vc_column_inner][vc_column_inner width=\u00a0\u00bb1\/3&Prime;][\/vc_column_inner][\/vc_row_inner][vc_row_inner][vc_column_inner width=\u00a0\u00bb1\/3&Prime;][vc_single_image image=\u00a0\u00bb25661&Prime; img_size=\u00a0\u00bbmedium\u00a0\u00bb alignment=\u00a0\u00bbcenter\u00a0\u00bb css=\u00a0\u00bb\u00a0\u00bb][vc_column_text css=\u00a0\u00bb\u00a0\u00bb]<\/p>\n<p style=\"text-align: center;\">Pour partager votre m\u00e9thode d\u2019analyse, cliquez sur \u201cPartager\u201d pour g\u00e9n\u00e9rer un code.<\/p>\n<p>[\/vc_column_text][\/vc_column_inner][vc_column_inner width=\u00a0\u00bb1\/3&Prime;][vc_single_image image=\u00a0\u00bb25662&Prime; img_size=\u00a0\u00bbmedium\u00a0\u00bb alignment=\u00a0\u00bbcenter\u00a0\u00bb css=\u00a0\u00bb\u00a0\u00bb][vc_column_text css=\u00a0\u00bb\u00a0\u00bb]<\/p>\n<p style=\"text-align: center;\">Pour importer, s\u00e9lectionnez \u201cImporter une m\u00e9thode d\u2019analyse\u201d, collez le code, puis cliquez sur \u201cImporter\u201d.<\/p>\n<p>[\/vc_column_text][\/vc_column_inner][vc_column_inner width=\u00a0\u00bb1\/3&Prime;][\/vc_column_inner][\/vc_row_inner][vc_btn title=\u00a0\u00bbEn savoir plus\u00a0\u00bb style=\u00a0\u00bbclassic\u00a0\u00bb shape=\u00a0\u00bbsquare\u00a0\u00bb color=\u00a0\u00bbprimary\u00a0\u00bb align=\u00a0\u00bbcenter\u00a0\u00bb css=\u00a0\u00bb\u00a0\u00bb link=\u00a0\u00bburl:https%3A%2F%2Fwww.angelaligner.com%2Fcontact-us%2F%23contact|title:Contact%20Us\u00a0\u00bb][\/vc_column][\/vc_row][\/vc_section][vc_section css=\u00a0\u00bb.vc_custom_1687770187832{margin-top: 0px !important;padding-top: 50px !important;padding-bottom: 30px !important;}\u00a0\u00bb][vc_row gap=\u00a0\u00bb30&Prime; content_placement=\u00a0\u00bbmiddle\u00a0\u00bb][vc_column][vc_column_text css=\u00a0\u00bb\u00a0\u00bb]<\/p>\n<h1 style=\"text-align: center;\">Qu&rsquo;est-ce que le syst\u00e8me Ceph intelligent ?<\/h1>\n<p>[\/vc_column_text][\/vc_column][vc_column width=\u00a0\u00bb1\/2&Prime;][vc_single_image image=\u00a0\u00bb7215&Prime; img_size=\u00a0\u00bbfull\u00a0\u00bb][\/vc_column][vc_column width=\u00a0\u00bb1\/2&Prime;][vc_column_text css=\u00a0\u00bb\u00a0\u00bb]<\/p>\n<h3>Un trac\u00e9<\/h3>\n<p>Gr\u00e2ce \u00e0 nos m\u00e9thodes de trac\u00e9, nous assurons l\u2019exactitude et la pr\u00e9cision des trac\u00e9s des rep\u00e8res dentaires sur les mod\u00e8les num\u00e9riques. Ces algorithmes permettent d\u2019\u00e9laborer un plan de traitement et de poser un diagnostic de mani\u00e8re plus pr\u00e9cise et efficace, nous permettant d\u2019offrir de meilleurs r\u00e9sultats aux patients.[\/vc_column_text][\/vc_column][\/vc_row][\/vc_section][vc_section full_width=\u00a0\u00bbstretch_row\u00a0\u00bb css=\u00a0\u00bb.vc_custom_1687770324446{padding-top: 60px !important;padding-bottom: 30px !important;background-color: #f5f5f5 !important;}\u00a0\u00bb][vc_row gap=\u00a0\u00bb30&Prime; content_placement=\u00a0\u00bbmiddle\u00a0\u00bb][vc_column width=\u00a0\u00bb1\/2&Prime;][vc_column_text css=\u00a0\u00bb\u00a0\u00bb]<\/p>\n<h3>Superposition<\/h3>\n<p>Notre syst\u00e8me intelligent de c\u00e9phalom\u00e9trie utilise des m\u00e9thodes avanc\u00e9es et l\u2019apprentissage automatique pour assurer l\u2019exactitude et la pr\u00e9cision du processus de superposition. Cette fonctionnalit\u00e9 aide les orthodontistes \u00e0 \u00e9valuer la progression des traitements afin qu\u2019ils modifient les plans de traitement le cas \u00e9ch\u00e9ant.[\/vc_column_text][\/vc_column][vc_column width=\u00a0\u00bb1\/2&Prime;][vc_single_image image=\u00a0\u00bb7287&Prime; img_size=\u00a0\u00bbfull\u00a0\u00bb][\/vc_column][\/vc_row][\/vc_section][vc_section css=\u00a0\u00bb.vc_custom_1687770182723{padding-top: 70px !important;padding-bottom: 30px !important;}\u00a0\u00bb][vc_row gap=\u00a0\u00bb30&Prime; content_placement=\u00a0\u00bbmiddle\u00a0\u00bb][vc_column width=\u00a0\u00bb1\/2&Prime;][vc_single_image image=\u00a0\u00bb7226&Prime; img_size=\u00a0\u00bbfull\u00a0\u00bb][\/vc_column][vc_column width=\u00a0\u00bb1\/2&Prime;][vc_column_text css=\u00a0\u00bb\u00a0\u00bb]<\/p>\n<h3>Analyse de l\u2019\u00e2ge squelettique<\/h3>\n<p>Gr\u00e2ce \u00e0 l\u2019analyse des mod\u00e8les num\u00e9riques, notre syst\u00e8me d\u00e9termine le stade de d\u00e9veloppement des structures dentaires de mani\u00e8re pr\u00e9cise. Cette fonctionnalit\u00e9 permet aux orthodontistes d\u2019\u00e9laborer des plans de traitement personnalis\u00e9s qui s\u2019adaptent aux besoins sp\u00e9cifiques de chaque patient en mati\u00e8re de d\u00e9veloppement.[\/vc_column_text][\/vc_column][\/vc_row][\/vc_section][vc_section css=\u00a0\u00bb.vc_custom_1687267257907{padding-top: 50px !important;padding-bottom: 30px !important;}\u00a0\u00bb][vc_row][vc_column width=\u00a0\u00bb1\/6&Prime;][\/vc_column][vc_column width=\u00a0\u00bb2\/3&Prime;][vc_column_text]<\/p>\n<h3 style=\"text-align: center;\">Contactez-nous<\/h3>\n<p style=\"text-align: center;\">Vous avez des questions sur nos solutions orthodontiques\u00a0? Nous sommes l\u00e0 pour vous\u00a0! Nos experts sont disponibles pour vous accompagner de mani\u00e8re personnalis\u00e9e, que vous soyez un patient de longue date ou un nouveau patient. Contactez-nous d\u00e8s aujourd\u2019hui pour en savoir plus.<\/p>\n<p>[\/vc_column_text][vc_btn title=\u00a0\u00bbNous contacter\u00a0\u00bb style=\u00a0\u00bbclassic\u00a0\u00bb shape=\u00a0\u00bbsquare\u00a0\u00bb color=\u00a0\u00bbprimary\u00a0\u00bb align=\u00a0\u00bbcenter\u00a0\u00bb link=\u00a0\u00bburl:https%3A%2F%2Fwww.angelaligner.com%2Ffr%2Fcontact-us%2F%23contact|title:Nous%20contacter|\u00a0\u00bb][\/vc_column][vc_column width=\u00a0\u00bb1\/6&Prime;][\/vc_column][\/vc_row][\/vc_section]<\/p>\n<\/div>","protected":false},"excerpt":{"rendered":"<p>[vc_section css=\u00a0\u00bb.vc_custom_1773301575570{margin-top: 0px !important;padding-top: 50px !important;padding-bottom: 30px !important;}\u00a0\u00bb][vc_row gap=\u00a0\u00bb30&Prime; content_placement=\u00a0\u00bbmiddle\u00a0\u00bb][vc_column][vc_column_text css=\u00a0\u00bb\u00a0\u00bb] C\u00e9phalom\u00e9trie de nouvelle g\u00e9n\u00e9ration [\/vc_column_text][vc_row_inner][vc_column_inner][vc_column_text css=\u00a0\u00bb\u00a0\u00bb] Automatisez l\u2019analyse c\u00e9phalom\u00e9trique gr\u00e2ce \u00e0 des vues diagnostiques individualis\u00e9es et des flux de travail standardis\u00e9s pour am\u00e9liorer la prise de d\u00e9cision, rationaliser le diagnostic et r\u00e9duire le travail manuel. [\/vc_column_text][\/vc_column_inner][\/vc_row_inner][vc_row_inner][vc_column_inner][vc_column_text css=\u00a0\u00bb\u00a0\u00bb] \u2192 Cr\u00e9ez et mettez en oeuvre vos<\/p>\n","protected":false},"author":1,"featured_media":0,"parent":0,"menu_order":0,"comment_status":"closed","ping_status":"closed","template":"","meta":{"_acf_changed":false,"content-type":"","inline_featured_image":false,"footnotes":""},"class_list":["post-8133","page","type-page","status-publish","hentry"],"acf":[],"yoast_head":"<!-- This site is optimized with the Yoast SEO plugin v26.0 - https:\/\/yoast.com\/wordpress\/plugins\/seo\/ -->\n<title>ICS | Angel Aligner<\/title>\n<meta name=\"robots\" content=\"index, follow, max-snippet:-1, max-image-preview:large, max-video-preview:-1\" \/>\n<link rel=\"canonical\" href=\"https:\/\/www.angelaligner.com\/fr\/ics\/\" \/>\n<meta property=\"og:locale\" content=\"fr_FR\" \/>\n<meta property=\"og:type\" content=\"article\" \/>\n<meta property=\"og:title\" content=\"ICS | Angel Aligner\" \/>\n<meta property=\"og:description\" content=\"[vc_section css=\u00a0\u00bb.vc_custom_1773301575570{margin-top: 0px !important;padding-top: 50px !important;padding-bottom: 30px !important;}\u00a0\u00bb][vc_row gap=\u00a0\u00bb30&Prime; content_placement=\u00a0\u00bbmiddle\u00a0\u00bb][vc_column][vc_column_text css=\u00a0\u00bb\u00a0\u00bb] C\u00e9phalom\u00e9trie de nouvelle g\u00e9n\u00e9ration [\/vc_column_text][vc_row_inner][vc_column_inner][vc_column_text css=\u00a0\u00bb\u00a0\u00bb] Automatisez l\u2019analyse c\u00e9phalom\u00e9trique gr\u00e2ce \u00e0 des vues diagnostiques individualis\u00e9es et des flux de travail standardis\u00e9s pour am\u00e9liorer la prise de d\u00e9cision, rationaliser le diagnostic et r\u00e9duire le travail manuel. [\/vc_column_text][\/vc_column_inner][\/vc_row_inner][vc_row_inner][vc_column_inner][vc_column_text css=\u00a0\u00bb\u00a0\u00bb] \u2192 Cr\u00e9ez et mettez en oeuvre vos\" \/>\n<meta property=\"og:url\" content=\"https:\/\/www.angelaligner.com\/fr\/ics\/\" \/>\n<meta property=\"og:site_name\" content=\"Angel Aligner\" \/>\n<meta property=\"article:publisher\" content=\"https:\/\/www.facebook.com\/angelaligner.emea\" \/>\n<meta property=\"article:modified_time\" content=\"2026-03-25T10:40:53+00:00\" \/>\n<meta name=\"twitter:card\" content=\"summary_large_image\" \/>\n<meta name=\"twitter:label1\" content=\"Dur\u00e9e de lecture estim\u00e9e\" \/>\n\t<meta name=\"twitter:data1\" content=\"4 minutes\" \/>\n<script type=\"application\/ld+json\" class=\"yoast-schema-graph\">{\"@context\":\"https:\/\/schema.org\",\"@graph\":[{\"@type\":\"WebPage\",\"@id\":\"https:\/\/www.angelaligner.com\/fr\/ics\/\",\"url\":\"https:\/\/www.angelaligner.com\/fr\/ics\/\",\"name\":\"ICS | Angel Aligner\",\"isPartOf\":{\"@id\":\"https:\/\/www.angelaligner.com\/fr\/#website\"},\"datePublished\":\"2023-05-22T06:49:26+00:00\",\"dateModified\":\"2026-03-25T10:40:53+00:00\",\"breadcrumb\":{\"@id\":\"https:\/\/www.angelaligner.com\/fr\/ics\/#breadcrumb\"},\"inLanguage\":\"fr-FR\",\"potentialAction\":[{\"@type\":\"ReadAction\",\"target\":[\"https:\/\/www.angelaligner.com\/fr\/ics\/\"]}]},{\"@type\":\"BreadcrumbList\",\"@id\":\"https:\/\/www.angelaligner.com\/fr\/ics\/#breadcrumb\",\"itemListElement\":[{\"@type\":\"ListItem\",\"position\":1,\"name\":\"Home\",\"item\":\"https:\/\/www.angelaligner.com\/fr\/\"},{\"@type\":\"ListItem\",\"position\":2,\"name\":\"ICS\"}]},{\"@type\":\"WebSite\",\"@id\":\"https:\/\/www.angelaligner.com\/fr\/#website\",\"url\":\"https:\/\/www.angelaligner.com\/fr\/\",\"name\":\"Angel Aligner\",\"description\":\"Smile to Change\",\"potentialAction\":[{\"@type\":\"SearchAction\",\"target\":{\"@type\":\"EntryPoint\",\"urlTemplate\":\"https:\/\/www.angelaligner.com\/fr\/?s={search_term_string}\"},\"query-input\":{\"@type\":\"PropertyValueSpecification\",\"valueRequired\":true,\"valueName\":\"search_term_string\"}}],\"inLanguage\":\"fr-FR\"}]}<\/script>\n<!-- \/ Yoast SEO plugin. -->","yoast_head_json":{"title":"ICS | Angel Aligner","robots":{"index":"index","follow":"follow","max-snippet":"max-snippet:-1","max-image-preview":"max-image-preview:large","max-video-preview":"max-video-preview:-1"},"canonical":"https:\/\/www.angelaligner.com\/fr\/ics\/","og_locale":"fr_FR","og_type":"article","og_title":"ICS | Angel Aligner","og_description":"[vc_section css=\u00a0\u00bb.vc_custom_1773301575570{margin-top: 0px !important;padding-top: 50px !important;padding-bottom: 30px !important;}\u00a0\u00bb][vc_row gap=\u00a0\u00bb30&Prime; content_placement=\u00a0\u00bbmiddle\u00a0\u00bb][vc_column][vc_column_text css=\u00a0\u00bb\u00a0\u00bb] C\u00e9phalom\u00e9trie de nouvelle g\u00e9n\u00e9ration [\/vc_column_text][vc_row_inner][vc_column_inner][vc_column_text css=\u00a0\u00bb\u00a0\u00bb] Automatisez l\u2019analyse c\u00e9phalom\u00e9trique gr\u00e2ce \u00e0 des vues diagnostiques individualis\u00e9es et des flux de travail standardis\u00e9s pour am\u00e9liorer la prise de d\u00e9cision, rationaliser le diagnostic et r\u00e9duire le travail manuel. [\/vc_column_text][\/vc_column_inner][\/vc_row_inner][vc_row_inner][vc_column_inner][vc_column_text css=\u00a0\u00bb\u00a0\u00bb] \u2192 Cr\u00e9ez et mettez en oeuvre vos","og_url":"https:\/\/www.angelaligner.com\/fr\/ics\/","og_site_name":"Angel Aligner","article_publisher":"https:\/\/www.facebook.com\/angelaligner.emea","article_modified_time":"2026-03-25T10:40:53+00:00","twitter_card":"summary_large_image","twitter_misc":{"Dur\u00e9e de lecture estim\u00e9e":"4 minutes"},"schema":{"@context":"https:\/\/schema.org","@graph":[{"@type":"WebPage","@id":"https:\/\/www.angelaligner.com\/fr\/ics\/","url":"https:\/\/www.angelaligner.com\/fr\/ics\/","name":"ICS | Angel Aligner","isPartOf":{"@id":"https:\/\/www.angelaligner.com\/fr\/#website"},"datePublished":"2023-05-22T06:49:26+00:00","dateModified":"2026-03-25T10:40:53+00:00","breadcrumb":{"@id":"https:\/\/www.angelaligner.com\/fr\/ics\/#breadcrumb"},"inLanguage":"fr-FR","potentialAction":[{"@type":"ReadAction","target":["https:\/\/www.angelaligner.com\/fr\/ics\/"]}]},{"@type":"BreadcrumbList","@id":"https:\/\/www.angelaligner.com\/fr\/ics\/#breadcrumb","itemListElement":[{"@type":"ListItem","position":1,"name":"Home","item":"https:\/\/www.angelaligner.com\/fr\/"},{"@type":"ListItem","position":2,"name":"ICS"}]},{"@type":"WebSite","@id":"https:\/\/www.angelaligner.com\/fr\/#website","url":"https:\/\/www.angelaligner.com\/fr\/","name":"Angel Aligner","description":"Smile to Change","potentialAction":[{"@type":"SearchAction","target":{"@type":"EntryPoint","urlTemplate":"https:\/\/www.angelaligner.com\/fr\/?s={search_term_string}"},"query-input":{"@type":"PropertyValueSpecification","valueRequired":true,"valueName":"search_term_string"}}],"inLanguage":"fr-FR"}]}},"_links":{"self":[{"href":"https:\/\/www.angelaligner.com\/fr\/wp-json\/wp\/v2\/pages\/8133","targetHints":{"allow":["GET"]}}],"collection":[{"href":"https:\/\/www.angelaligner.com\/fr\/wp-json\/wp\/v2\/pages"}],"about":[{"href":"https:\/\/www.angelaligner.com\/fr\/wp-json\/wp\/v2\/types\/page"}],"author":[{"embeddable":true,"href":"https:\/\/www.angelaligner.com\/fr\/wp-json\/wp\/v2\/users\/1"}],"replies":[{"embeddable":true,"href":"https:\/\/www.angelaligner.com\/fr\/wp-json\/wp\/v2\/comments?post=8133"}],"version-history":[{"count":18,"href":"https:\/\/www.angelaligner.com\/fr\/wp-json\/wp\/v2\/pages\/8133\/revisions"}],"predecessor-version":[{"id":26512,"href":"https:\/\/www.angelaligner.com\/fr\/wp-json\/wp\/v2\/pages\/8133\/revisions\/26512"}],"wp:attachment":[{"href":"https:\/\/www.angelaligner.com\/fr\/wp-json\/wp\/v2\/media?parent=8133"}],"curies":[{"name":"wp","href":"https:\/\/api.w.org\/{rel}","templated":true}]}}