{"id":7726,"date":"2023-05-22T06:18:48","date_gmt":"2023-05-22T06:18:48","guid":{"rendered":"https:\/\/www.angelaligner.com\/iortho\/"},"modified":"2026-02-27T08:34:38","modified_gmt":"2026-02-27T08:34:38","slug":"iortho","status":"publish","type":"page","link":"https:\/\/www.angelaligner.com\/de\/iortho\/","title":{"rendered":"iOrtho"},"content":{"rendered":"<div class=\"wpb-content-wrapper\"><p>[vc_section css=&#8220;.vc_custom_1684737025893{padding-top: 50px !important;padding-bottom: 20px !important;}&#8220;][vc_row][vc_column width=&#8220;1\/6&#8243;][\/vc_column][vc_column width=&#8220;2\/3&#8243;][vc_column_text css=&#8220;&#8220;]<\/p>\n<h1 class=\"h2\" style=\"text-align: center;\">Eine sichere, cloudbasierte Plattform<\/h1>\n<p>[\/vc_column_text][vc_column_text css=&#8220;&#8220;]<\/p>\n<p style=\"text-align: center;\">Die iOrtho\u2122 Software ist eine sichere, cloudbasierte Plattform zur Verwaltung von Patientendaten f\u00fcr Angel Aligner\u2122 Behandlungen.<br \/>\nDie Behandlungsplanungssoftware verf\u00fcgt \u00fcber eine 3D-Simulation Ihrer Behandlungen, eine intuitive und benutzerfreundliche Navigation sowie eine optimierte Verschreibung f\u00fcr einen m\u00f6glichst effizienten Workflow.<\/p>\n<p>[\/vc_column_text][\/vc_column][vc_column width=&#8220;1\/6&#8243;][\/vc_column][\/vc_row][vc_row][vc_column width=&#8220;1\/4&#8243;][vc_column_text css=&#8220;&#8220;]<\/p>\n<p style=\"text-align: center;\"><img loading=\"lazy\" decoding=\"async\" class=\"alignnone wp-image-5441\" src=\"https:\/\/www.angelaligner.com\/wp-content\/uploads\/2023\/08\/Frame-372.png\" alt=\"\" width=\"36\" height=\"36\" \/><\/p>\n<p style=\"text-align: center;\">Die Simulation Ihrer Behandlungsplanung zeigt ann\u00e4hernd reale intraorale Gegebenheiten f\u00fcr eine m\u00f6glichst pr\u00e4zise und vorhersagbare Planung.<\/p>\n<p>[\/vc_column_text][\/vc_column][vc_column width=&#8220;1\/4&#8243;][vc_column_text css=&#8220;&#8220;]<\/p>\n<p style=\"text-align: center;\"><a href=\"https:\/\/www.angelaligner.com\/wp-content\/uploads\/2023\/06\/person_pin.svg\"><img loading=\"lazy\" decoding=\"async\" class=\"alignnone wp-image-4383\" src=\"https:\/\/www.angelaligner.com\/wp-content\/uploads\/2023\/06\/person_pin.svg\" alt=\"\" width=\"36\" height=\"36\" \/><\/a><\/p>\n<p style=\"text-align: center;\">Vereinfachtes UI-Design und eine benutzerfreundliche, interaktive Bedienung.<\/p>\n<p>[\/vc_column_text][\/vc_column][vc_column width=&#8220;1\/4&#8243;][vc_column_text css=&#8220;&#8220;]<\/p>\n<p style=\"text-align: center;\"><a href=\"https:\/\/www.angelaligner.com\/wp-content\/uploads\/2023\/06\/target-04.svg\"><img loading=\"lazy\" decoding=\"async\" class=\"alignnone wp-image-4386\" src=\"https:\/\/www.angelaligner.com\/wp-content\/uploads\/2023\/06\/target-04.svg\" alt=\"\" width=\"36\" height=\"36\" \/><\/a><\/p>\n<p style=\"text-align: center;\">Optimierte Verschreibung f\u00fcr pr\u00e4zisere Angaben und einen effizienteren Workflow.<\/p>\n<p>[\/vc_column_text][\/vc_column][vc_column width=&#8220;1\/4&#8243;][vc_column_text css=&#8220;&#8220;]<\/p>\n<p style=\"text-align: center;\"><img loading=\"lazy\" decoding=\"async\" class=\"alignnone wp-image-4077\" src=\"https:\/\/www.angelaligner.com\/wp-content\/uploads\/2023\/06\/clock.svg\" alt=\"\" width=\"36\" height=\"36\" \/><\/p>\n<p style=\"text-align: center;\">Funktionen f\u00fcr die Terminplanung und das Monitoring von Patientenf\u00e4llen f\u00fcr ein effizienteres Patientenmanagement.<\/p>\n<p>[\/vc_column_text][\/vc_column][\/vc_row][vc_row css=&#8220;.vc_custom_1690871707827{padding-top: 75px !important;}&#8220;][vc_column width=&#8220;1\/6&#8243;][\/vc_column][vc_column width=&#8220;2\/3&#8243;][vc_column_text css=&#8220;&#8220;]<\/p>\n<h2 class=\"h3\" style=\"text-align: center;\">Unsere Scanner-Integrationen<\/h2>\n<p style=\"text-align: center;\">Durch die Integration ausgew\u00e4hlter intraoraler Scanner k\u00f6nnen Angel Aligner\u2122 Behandler ihre Ger\u00e4te direkt mit der iOrtho\u2122 Software verbinden und so den digitalen Workflow optimieren.<\/p>\n<p>[\/vc_column_text][vc_row_inner content_placement=&#8220;middle&#8220;][vc_column_inner width=&#8220;1\/3&#8243;][vc_single_image image=&#8220;25010&#8243; img_size=&#8220;large&#8220; alignment=&#8220;center&#8220; css=&#8220;&#8220;][\/vc_column_inner][vc_column_inner width=&#8220;1\/3&#8243;][vc_single_image image=&#8220;25011&#8243; img_size=&#8220;medium&#8220; alignment=&#8220;center&#8220; css=&#8220;&#8220;][\/vc_column_inner][vc_column_inner width=&#8220;1\/3&#8243;][vc_single_image image=&#8220;25012&#8243; img_size=&#8220;medium&#8220; alignment=&#8220;center&#8220; css=&#8220;&#8220;][\/vc_column_inner][\/vc_row_inner][vc_row_inner content_placement=&#8220;middle&#8220;][vc_column_inner width=&#8220;1\/3&#8243;][vc_single_image image=&#8220;25013&#8243; img_size=&#8220;large&#8220; alignment=&#8220;center&#8220; css=&#8220;&#8220;][\/vc_column_inner][vc_column_inner width=&#8220;1\/3&#8243;][vc_single_image image=&#8220;25014&#8243; img_size=&#8220;medium&#8220; alignment=&#8220;center&#8220; css=&#8220;&#8220;][\/vc_column_inner][vc_column_inner width=&#8220;1\/3&#8243;][vc_single_image image=&#8220;25015&#8243; img_size=&#8220;medium&#8220; alignment=&#8220;center&#8220; css=&#8220;&#8220;][\/vc_column_inner][\/vc_row_inner][\/vc_column][vc_column width=&#8220;1\/6&#8243;][\/vc_column][\/vc_row][vc_row css=&#8220;.vc_custom_1690871707827{padding-top: 75px !important;}&#8220;][vc_column width=&#8220;1\/6&#8243;][\/vc_column][vc_column width=&#8220;2\/3&#8243;][vc_column_text css=&#8220;&#8220;]<\/p>\n<h2 class=\"h3\" style=\"text-align: center;\">Unsere Praxismanagementsoftware-Integrationen<\/h2>\n<p>[\/vc_column_text][vc_row_inner content_placement=&#8220;middle&#8220;][vc_column_inner width=&#8220;1\/3&#8243;][vc_single_image image=&#8220;25016&#8243; img_size=&#8220;large&#8220; alignment=&#8220;center&#8220; css=&#8220;&#8220;][\/vc_column_inner][vc_column_inner width=&#8220;1\/3&#8243;][vc_single_image image=&#8220;25017&#8243; img_size=&#8220;medium&#8220; alignment=&#8220;center&#8220; css=&#8220;&#8220;][\/vc_column_inner][vc_column_inner width=&#8220;1\/3&#8243;][vc_single_image image=&#8220;25057&#8243; img_size=&#8220;medium&#8220; alignment=&#8220;center&#8220; css=&#8220;&#8220;][\/vc_column_inner][\/vc_row_inner][vc_row_inner css=&#8220;.vc_custom_1771931360373{background-color: #EEEEEE !important;}&#8220;][vc_column_inner][vc_btn title=&#8220;Welche Integration w\u00fcrden Sie sich als N\u00e4chstes w\u00fcnschen?&#8220; style=&#8220;classic&#8220; shape=&#8220;square&#8220; color=&#8220;primary&#8220; align=&#8220;center&#8220; css=&#8220;&#8220; link=&#8220;url:https%3A%2F%2Fforms.office.com%2Fr%2FGkieN6hB03%3Forigin%3DlprLink|title:Welche%20Integration%20w%C3%BCrdest%20du%20dir%20als%20N%C3%A4chstes%20w%C3%BCnschen%3F|target:_blank&#8220;][\/vc_column_inner][\/vc_row_inner][\/vc_column][vc_column width=&#8220;1\/6&#8243;][\/vc_column][\/vc_row][\/vc_section][vc_section css=&#8220;.vc_custom_1684736744527{padding-top: 50px !important;padding-bottom: 50px !important;}&#8220;][vc_row gap=&#8220;35&#8243; content_placement=&#8220;middle&#8220;][vc_column width=&#8220;1\/2&#8243;][vc_column_text css=&#8220;&#8220;]<\/p>\n<h2 class=\"h3\">masterForce\u2122<\/h2>\n<p>masterForce\u2122 ist eine Test- und Analyseplattform f\u00fcr biomechanische Untersuchungen und Simulationen entlang der gesamten kieferorthop\u00e4dischen Prozesskette.[\/vc_column_text][\/vc_column][vc_column width=&#8220;1\/2&#8243;][vc_single_image image=&#8220;7054&#8243; img_size=&#8220;full&#8220; alignment=&#8220;center&#8220;][\/vc_column][\/vc_row][vc_row gap=&#8220;35&#8243; content_placement=&#8220;middle&#8220;][vc_column width=&#8220;1\/2&#8243;][vc_single_image image=&#8220;7044&#8243; img_size=&#8220;full&#8220; alignment=&#8220;center&#8220;][\/vc_column][vc_column width=&#8220;1\/2&#8243;][vc_column_text css=&#8220;&#8220;]<\/p>\n<h2 class=\"h3\">Umfangreiche Datenbank<\/h2>\n<p>Eine umfangreiche kieferorthop\u00e4dische Datenbank und Big-Data-Analysen erm\u00f6glichen der iOrtho\u2122 Software, zu erkennen, welche Behandlungsans\u00e4tze funktionieren und welche nicht, und liefern so besser vorhersagbare Behandlungsplanungen..[\/vc_column_text][\/vc_column][\/vc_row][vc_row gap=&#8220;35&#8243; content_placement=&#8220;middle&#8220; el_class=&#8220;flex-column-reverse&#8220;][vc_column width=&#8220;1\/2&#8243;][vc_column_text css=&#8220;&#8220;]<\/p>\n<h2 class=\"h3\">3D-Behandlungsplanungen<\/h2>\n<p>Eine nahezu realistische Visualisierung macht die 3D-Behandlungsplanung f\u00fcr den Behandler m\u00f6glichst intuitiv und \u00fcbersichtlich.[\/vc_column_text][\/vc_column][vc_column width=&#8220;1\/2&#8243;][vc_single_image image=&#8220;7518&#8243; img_size=&#8220;full&#8220; alignment=&#8220;center&#8220;][\/vc_column][\/vc_row][vc_row gap=&#8220;35&#8243; content_placement=&#8220;middle&#8220;][vc_column width=&#8220;1\/2&#8243;][vc_single_image image=&#8220;7034&#8243; img_size=&#8220;full&#8220; alignment=&#8220;center&#8220;][\/vc_column][vc_column width=&#8220;1\/2&#8243;][vc_column_text css=&#8220;&#8220;]<\/p>\n<h2 class=\"h3\">Cloudbasierte Plattform<\/h2>\n<p>Die sichere, cloudbasierte Plattform erm\u00f6glicht es Behandlern, standort\u00fcbergreifend auf Behandlungspl\u00e4ne zuzugreifen und diese zu verwalten.[\/vc_column_text][\/vc_column][\/vc_row][\/vc_section][vc_section css=&#8220;.vc_custom_1684737416805{padding-top: 50px !important;padding-bottom: 50px !important;}&#8220;][vc_row][vc_column width=&#8220;1\/12&#8243;][\/vc_column][vc_column width=&#8220;10\/12&#8243;][vc_column_text css=&#8220;&#8220;]<\/p>\n<p style=\"text-align: center;\"><img loading=\"lazy\" decoding=\"async\" class=\"size-full wp-image-4960 aligncenter\" src=\"https:\/\/www.angelaligner.com\/wp-content\/uploads\/2023\/07\/Make-it-logo-1-min.jpg\" alt=\"\" width=\"424\" height=\"99\" srcset=\"https:\/\/www.angelaligner.com\/wp-content\/uploads\/2023\/07\/Make-it-logo-1-min.jpg 424w, https:\/\/www.angelaligner.com\/wp-content\/uploads\/2023\/07\/Make-it-logo-1-min-300x70.jpg 300w\" sizes=\"auto, (max-width: 424px) 100vw, 424px\" \/><\/p>\n<p class=\"h3\" style=\"text-align: center;\">3D-Behandlungssimulation<\/p>\n<p class=\"h3\" style=\"text-align: center;\">Schnelle und pr\u00e4zise Behandlungssimulation auf Knopfdruck<\/p>\n<p style=\"text-align: center;\">Make it\u2122 ist eines der digitalen Tools der iOrtho\u2122 Software. Es nutzt die umfangreiche kieferorthop\u00e4dische Datenbank von Angel Aligner\u2122, um schnell simulierte Behandlungsergebnisse zu erstellen, und kann die Kommunikation zwischen Behandler und Patient erleichtern.<\/p>\n<p>[\/vc_column_text][vc_single_image image=&#8220;7059&#8243; img_size=&#8220;full&#8220; alignment=&#8220;center&#8220;][\/vc_column][vc_column width=&#8220;1\/12&#8243;][\/vc_column][\/vc_row][vc_row css=&#8220;.vc_custom_1687172713280{margin-top: 50px !important;}&#8220;][vc_column width=&#8220;1\/3&#8243;][vc_column_text css=&#8220;&#8220;]<\/p>\n<p style=\"text-align: center;\"><a href=\"https:\/\/www.angelaligner.com\/wp-content\/uploads\/2023\/06\/done.svg\"><img loading=\"lazy\" decoding=\"async\" class=\"alignnone wp-image-4411 size-full\" src=\"https:\/\/www.angelaligner.com\/wp-content\/uploads\/2023\/06\/done.svg\" alt=\"\" width=\"25\" height=\"24\" \/><\/a><\/p>\n<p style=\"text-align: center;\"><strong>Benutzerfreundlichkeit<\/strong><\/p>\n<p style=\"text-align: center;\">Kompatibel mit einer Vielzahl intraoraler Scanner-Marken. Daten\u00fcbertragung per Klick \u2013 schnell und komfortabel.<\/p>\n<p>[\/vc_column_text][\/vc_column][vc_column width=&#8220;1\/3&#8243;][vc_column_text css=&#8220;&#8220;]<\/p>\n<p style=\"text-align: center;\"><a href=\"https:\/\/www.angelaligner.com\/wp-content\/uploads\/2023\/06\/diamond-01.svg\"><img loading=\"lazy\" decoding=\"async\" class=\"alignnone wp-image-4414 size-full\" src=\"https:\/\/www.angelaligner.com\/wp-content\/uploads\/2023\/06\/diamond-01.svg\" alt=\"\" width=\"24\" height=\"24\" \/><\/a><\/p>\n<p style=\"text-align: center;\"><strong>3D-Behandlungssimulation<\/strong><\/p>\n<p style=\"text-align: center;\">Vergleich der simulierten Behandlungsergebnisse mit der Ausgangsposition.<\/p>\n<p>[\/vc_column_text][\/vc_column][vc_column width=&#8220;1\/3&#8243;][vc_column_text css=&#8220;&#8220;]<\/p>\n<p style=\"text-align: center;\"><img loading=\"lazy\" decoding=\"async\" class=\"alignnone wp-image-4077 size-full\" src=\"https:\/\/www.angelaligner.com\/wp-content\/uploads\/2023\/06\/clock.svg\" alt=\"\" width=\"24\" height=\"24\" \/><\/p>\n<p style=\"text-align: center;\"><strong>Ohne Verz\u00f6gerungen<\/strong><\/p>\n<p style=\"text-align: center;\">Schnelle Behandlungssimulation \u2013 sofortige simulierte Behandlungsergebnisse auf Knopfdruck.<\/p>\n<p>[\/vc_column_text][\/vc_column][\/vc_row][\/vc_section][vc_section css=&#8220;.vc_custom_1684737663315{padding-top: 75px !important;padding-bottom: 75px !important;}&#8220;][vc_row][vc_column width=&#8220;1\/6&#8243;][\/vc_column][vc_column width=&#8220;2\/3&#8243;][vc_column_text]<\/p>\n<h3 style=\"text-align: center;\"><span style=\"color: #4192d6;\">Kontaktieren Sie uns<\/span><\/h3>\n<p style=\"text-align: center;\"><span class=\"TextRun Highlight SCXW154468408 BCX0\" lang=\"DE-DE\" xml:lang=\"DE-DE\" data-contrast=\"auto\"><span class=\"NormalTextRun SCXW154468408 BCX0\">Sollten Sie Fragen haben oder Unterst\u00fctzung ben\u00f6tigen, z\u00f6gern Sie bitte nicht, sich an uns zu wenden. Unser Expertenteam steht Ihnen gerne zur Verf\u00fcgung.<\/span><\/span><\/p>\n<p>[\/vc_column_text][vc_btn title=&#8220;Kontakt&#8220; style=&#8220;classic&#8220; shape=&#8220;square&#8220; color=&#8220;primary&#8220; align=&#8220;center&#8220; link=&#8220;url:https%3A%2F%2Fwww.angelaligner.com%2Fde%2Fcontact-us%2F%23contact|title:Kontakt|&#8220;][\/vc_column][vc_column width=&#8220;1\/6&#8243;][\/vc_column][\/vc_row][\/vc_section]<\/p>\n<\/div>","protected":false},"excerpt":{"rendered":"<p>[vc_section css=&#8220;.vc_custom_1684737025893{padding-top: 50px !important;padding-bottom: 20px !important;}&#8220;][vc_row][vc_column width=&#8220;1\/6&#8243;][\/vc_column][vc_column width=&#8220;2\/3&#8243;][vc_column_text css=&#8220;&#8220;] Eine sichere, cloudbasierte Plattform [\/vc_column_text][vc_column_text css=&#8220;&#8220;] Die iOrtho\u2122 Software ist eine sichere, cloudbasierte Plattform zur Verwaltung von Patientendaten f\u00fcr Angel Aligner\u2122 Behandlungen. Die Behandlungsplanungssoftware verf\u00fcgt \u00fcber eine 3D-Simulation Ihrer Behandlungen, eine intuitive und benutzerfreundliche Navigation sowie eine optimierte Verschreibung f\u00fcr einen m\u00f6glichst effizienten Workflow. [\/vc_column_text][\/vc_column][vc_column width=&#8220;1\/6&#8243;][\/vc_column][\/vc_row][vc_row][vc_column<\/p>\n","protected":false},"author":1,"featured_media":0,"parent":0,"menu_order":0,"comment_status":"closed","ping_status":"closed","template":"","meta":{"_acf_changed":false,"content-type":"","inline_featured_image":false,"footnotes":""},"class_list":["post-7726","page","type-page","status-publish","hentry"],"acf":[],"yoast_head":"<!-- This site is optimized with the Yoast SEO plugin v26.0 - https:\/\/yoast.com\/wordpress\/plugins\/seo\/ -->\n<title>Personalisierte kieferorthop\u00e4dische Behandlungspl\u00e4ne<\/title>\n<meta name=\"description\" content=\"Erstellen Sie ma\u00dfgeschneiderte kieferorthop\u00e4dische Behandlungspl\u00e4ne. Individueller Ansatz f\u00fcr jeden klinischen Fall.\" \/>\n<meta name=\"robots\" content=\"index, follow, max-snippet:-1, max-image-preview:large, max-video-preview:-1\" \/>\n<link rel=\"canonical\" href=\"https:\/\/www.angelaligner.com\/de\/iortho\/\" \/>\n<meta property=\"og:locale\" content=\"de_DE\" \/>\n<meta property=\"og:type\" content=\"article\" \/>\n<meta property=\"og:title\" content=\"Personalisierte kieferorthop\u00e4dische Behandlungspl\u00e4ne\" \/>\n<meta property=\"og:description\" content=\"Erstellen Sie ma\u00dfgeschneiderte kieferorthop\u00e4dische Behandlungspl\u00e4ne. Individueller Ansatz f\u00fcr jeden klinischen Fall.\" \/>\n<meta property=\"og:url\" content=\"https:\/\/www.angelaligner.com\/de\/iortho\/\" \/>\n<meta property=\"og:site_name\" content=\"Angel Aligner\" \/>\n<meta property=\"article:publisher\" content=\"https:\/\/www.facebook.com\/angelaligner.emea\" \/>\n<meta property=\"article:modified_time\" content=\"2026-02-27T08:34:38+00:00\" \/>\n<meta property=\"og:image\" content=\"https:\/\/www.angelaligner.com\/wp-content\/uploads\/2023\/08\/Frame-372.png\" \/>\n\t<meta property=\"og:image:width\" content=\"144\" \/>\n\t<meta property=\"og:image:height\" content=\"145\" \/>\n\t<meta property=\"og:image:type\" content=\"image\/png\" \/>\n<meta name=\"twitter:card\" content=\"summary_large_image\" \/>\n<meta name=\"twitter:label1\" content=\"Gesch\u00e4tzte Lesezeit\" \/>\n\t<meta name=\"twitter:data1\" content=\"5\u00a0Minuten\" \/>\n<script type=\"application\/ld+json\" class=\"yoast-schema-graph\">{\"@context\":\"https:\/\/schema.org\",\"@graph\":[{\"@type\":\"WebPage\",\"@id\":\"https:\/\/www.angelaligner.com\/de\/iortho\/\",\"url\":\"https:\/\/www.angelaligner.com\/de\/iortho\/\",\"name\":\"Personalisierte kieferorthop\u00e4dische Behandlungspl\u00e4ne\",\"isPartOf\":{\"@id\":\"https:\/\/www.angelaligner.com\/de\/#website\"},\"primaryImageOfPage\":{\"@id\":\"https:\/\/www.angelaligner.com\/de\/iortho\/#primaryimage\"},\"image\":{\"@id\":\"https:\/\/www.angelaligner.com\/de\/iortho\/#primaryimage\"},\"thumbnailUrl\":\"https:\/\/www.angelaligner.com\/wp-content\/uploads\/2023\/08\/Frame-372.png\",\"datePublished\":\"2023-05-22T06:18:48+00:00\",\"dateModified\":\"2026-02-27T08:34:38+00:00\",\"description\":\"Erstellen Sie ma\u00dfgeschneiderte kieferorthop\u00e4dische Behandlungspl\u00e4ne. Individueller Ansatz f\u00fcr jeden klinischen Fall.\",\"breadcrumb\":{\"@id\":\"https:\/\/www.angelaligner.com\/de\/iortho\/#breadcrumb\"},\"inLanguage\":\"de\",\"potentialAction\":[{\"@type\":\"ReadAction\",\"target\":[\"https:\/\/www.angelaligner.com\/de\/iortho\/\"]}]},{\"@type\":\"ImageObject\",\"inLanguage\":\"de\",\"@id\":\"https:\/\/www.angelaligner.com\/de\/iortho\/#primaryimage\",\"url\":\"https:\/\/www.angelaligner.com\/wp-content\/uploads\/2023\/08\/Frame-372.png\",\"contentUrl\":\"https:\/\/www.angelaligner.com\/wp-content\/uploads\/2023\/08\/Frame-372.png\"},{\"@type\":\"BreadcrumbList\",\"@id\":\"https:\/\/www.angelaligner.com\/de\/iortho\/#breadcrumb\",\"itemListElement\":[{\"@type\":\"ListItem\",\"position\":1,\"name\":\"Home\",\"item\":\"https:\/\/www.angelaligner.com\/de\/\"},{\"@type\":\"ListItem\",\"position\":2,\"name\":\"iOrtho\"}]},{\"@type\":\"WebSite\",\"@id\":\"https:\/\/www.angelaligner.com\/de\/#website\",\"url\":\"https:\/\/www.angelaligner.com\/de\/\",\"name\":\"Angel Aligner\",\"description\":\"Smile to Change\",\"potentialAction\":[{\"@type\":\"SearchAction\",\"target\":{\"@type\":\"EntryPoint\",\"urlTemplate\":\"https:\/\/www.angelaligner.com\/de\/?s={search_term_string}\"},\"query-input\":{\"@type\":\"PropertyValueSpecification\",\"valueRequired\":true,\"valueName\":\"search_term_string\"}}],\"inLanguage\":\"de\"}]}<\/script>\n<!-- \/ Yoast SEO plugin. -->","yoast_head_json":{"title":"Personalisierte kieferorthop\u00e4dische Behandlungspl\u00e4ne","description":"Erstellen Sie ma\u00dfgeschneiderte kieferorthop\u00e4dische Behandlungspl\u00e4ne. Individueller Ansatz f\u00fcr jeden klinischen Fall.","robots":{"index":"index","follow":"follow","max-snippet":"max-snippet:-1","max-image-preview":"max-image-preview:large","max-video-preview":"max-video-preview:-1"},"canonical":"https:\/\/www.angelaligner.com\/de\/iortho\/","og_locale":"de_DE","og_type":"article","og_title":"Personalisierte kieferorthop\u00e4dische Behandlungspl\u00e4ne","og_description":"Erstellen Sie ma\u00dfgeschneiderte kieferorthop\u00e4dische Behandlungspl\u00e4ne. Individueller Ansatz f\u00fcr jeden klinischen Fall.","og_url":"https:\/\/www.angelaligner.com\/de\/iortho\/","og_site_name":"Angel Aligner","article_publisher":"https:\/\/www.facebook.com\/angelaligner.emea","article_modified_time":"2026-02-27T08:34:38+00:00","og_image":[{"width":144,"height":145,"url":"https:\/\/www.angelaligner.com\/wp-content\/uploads\/2023\/08\/Frame-372.png","type":"image\/png"}],"twitter_card":"summary_large_image","twitter_misc":{"Gesch\u00e4tzte Lesezeit":"5\u00a0Minuten"},"schema":{"@context":"https:\/\/schema.org","@graph":[{"@type":"WebPage","@id":"https:\/\/www.angelaligner.com\/de\/iortho\/","url":"https:\/\/www.angelaligner.com\/de\/iortho\/","name":"Personalisierte kieferorthop\u00e4dische Behandlungspl\u00e4ne","isPartOf":{"@id":"https:\/\/www.angelaligner.com\/de\/#website"},"primaryImageOfPage":{"@id":"https:\/\/www.angelaligner.com\/de\/iortho\/#primaryimage"},"image":{"@id":"https:\/\/www.angelaligner.com\/de\/iortho\/#primaryimage"},"thumbnailUrl":"https:\/\/www.angelaligner.com\/wp-content\/uploads\/2023\/08\/Frame-372.png","datePublished":"2023-05-22T06:18:48+00:00","dateModified":"2026-02-27T08:34:38+00:00","description":"Erstellen Sie ma\u00dfgeschneiderte kieferorthop\u00e4dische Behandlungspl\u00e4ne. Individueller Ansatz f\u00fcr jeden klinischen Fall.","breadcrumb":{"@id":"https:\/\/www.angelaligner.com\/de\/iortho\/#breadcrumb"},"inLanguage":"de","potentialAction":[{"@type":"ReadAction","target":["https:\/\/www.angelaligner.com\/de\/iortho\/"]}]},{"@type":"ImageObject","inLanguage":"de","@id":"https:\/\/www.angelaligner.com\/de\/iortho\/#primaryimage","url":"https:\/\/www.angelaligner.com\/wp-content\/uploads\/2023\/08\/Frame-372.png","contentUrl":"https:\/\/www.angelaligner.com\/wp-content\/uploads\/2023\/08\/Frame-372.png"},{"@type":"BreadcrumbList","@id":"https:\/\/www.angelaligner.com\/de\/iortho\/#breadcrumb","itemListElement":[{"@type":"ListItem","position":1,"name":"Home","item":"https:\/\/www.angelaligner.com\/de\/"},{"@type":"ListItem","position":2,"name":"iOrtho"}]},{"@type":"WebSite","@id":"https:\/\/www.angelaligner.com\/de\/#website","url":"https:\/\/www.angelaligner.com\/de\/","name":"Angel Aligner","description":"Smile to Change","potentialAction":[{"@type":"SearchAction","target":{"@type":"EntryPoint","urlTemplate":"https:\/\/www.angelaligner.com\/de\/?s={search_term_string}"},"query-input":{"@type":"PropertyValueSpecification","valueRequired":true,"valueName":"search_term_string"}}],"inLanguage":"de"}]}},"_links":{"self":[{"href":"https:\/\/www.angelaligner.com\/de\/wp-json\/wp\/v2\/pages\/7726","targetHints":{"allow":["GET"]}}],"collection":[{"href":"https:\/\/www.angelaligner.com\/de\/wp-json\/wp\/v2\/pages"}],"about":[{"href":"https:\/\/www.angelaligner.com\/de\/wp-json\/wp\/v2\/types\/page"}],"author":[{"embeddable":true,"href":"https:\/\/www.angelaligner.com\/de\/wp-json\/wp\/v2\/users\/1"}],"replies":[{"embeddable":true,"href":"https:\/\/www.angelaligner.com\/de\/wp-json\/wp\/v2\/comments?post=7726"}],"version-history":[{"count":44,"href":"https:\/\/www.angelaligner.com\/de\/wp-json\/wp\/v2\/pages\/7726\/revisions"}],"predecessor-version":[{"id":25364,"href":"https:\/\/www.angelaligner.com\/de\/wp-json\/wp\/v2\/pages\/7726\/revisions\/25364"}],"wp:attachment":[{"href":"https:\/\/www.angelaligner.com\/de\/wp-json\/wp\/v2\/media?parent=7726"}],"curies":[{"name":"wp","href":"https:\/\/api.w.org\/{rel}","templated":true}]}}